{"id":8,"date":"2023-05-22T18:31:09","date_gmt":"2023-05-22T18:31:09","guid":{"rendered":"https:\/\/jovalcomercial.com\/Home\/contact-us\/"},"modified":"2026-05-07T04:10:29","modified_gmt":"2026-05-07T04:10:29","slug":"contacto","status":"publish","type":"page","link":"https:\/\/jovalcomercial.com\/Home\/contacto\/","title":{"rendered":"Contacto"},"content":{"rendered":"\t\t<div data-elementor-type=\"wp-page\" data-elementor-id=\"8\" class=\"elementor elementor-8\" data-elementor-post-type=\"page\">\n\t\t\t\t\t\t<section class=\"elementor-section elementor-top-section elementor-element elementor-element-483b6afe elementor-section-content-middle elementor-section-height-min-height elementor-section-items-stretch elementor-section-boxed elementor-section-height-default\" data-id=\"483b6afe\" data-element_type=\"section\">\n\t\t\t\t\t\t<div class=\"elementor-container elementor-column-gap-no\">\n\t\t\t\t\t<div class=\"elementor-column elementor-col-50 elementor-top-column elementor-element elementor-element-2e918af7\" data-id=\"2e918af7\" data-element_type=\"column\">\n\t\t\t<div class=\"elementor-widget-wrap elementor-element-populated\">\n\t\t\t\t\t\t<div class=\"elementor-element elementor-element-3cae1533 elementor-invisible elementor-widget elementor-widget-heading\" data-id=\"3cae1533\" data-element_type=\"widget\" data-settings=\"{&quot;_animation&quot;:&quot;fadeIn&quot;}\" data-widget_type=\"heading.default\">\n\t\t\t\t<div class=\"elementor-widget-container\">\n\t\t\t\t\t<h2 class=\"elementor-heading-title elementor-size-default\">Contacto<\/h2>\t\t\t\t<\/div>\n\t\t\t\t<\/div>\n\t\t\t\t<div class=\"elementor-element elementor-element-724223b0 elementor-widget__width-initial elementor-widget elementor-widget-text-editor\" data-id=\"724223b0\" data-element_type=\"widget\" data-widget_type=\"text-editor.default\">\n\t\t\t\t<div class=\"elementor-widget-container\">\n\t\t\t\t\t\t\t\t\t<p>Para m\u00e1s informaci\u00f3n o cotizaci\u00f3n.<\/p>\t\t\t\t\t\t\t\t<\/div>\n\t\t\t\t<\/div>\n\t\t\t\t\t<\/div>\n\t\t<\/div>\n\t\t\t\t<div class=\"elementor-column elementor-col-50 elementor-top-column elementor-element elementor-element-99547f0\" data-id=\"99547f0\" data-element_type=\"column\" data-settings=\"{&quot;background_background&quot;:&quot;classic&quot;}\">\n\t\t\t<div class=\"elementor-widget-wrap elementor-element-populated\">\n\t\t\t\t\t\t<div class=\"elementor-element elementor-element-4410dce4 elementor-widget elementor-widget-spacer\" data-id=\"4410dce4\" data-element_type=\"widget\" data-widget_type=\"spacer.default\">\n\t\t\t\t<div class=\"elementor-widget-container\">\n\t\t\t\t\t\t\t<div class=\"elementor-spacer\">\n\t\t\t<div class=\"elementor-spacer-inner\"><\/div>\n\t\t<\/div>\n\t\t\t\t\t\t<\/div>\n\t\t\t\t<\/div>\n\t\t\t\t\t<\/div>\n\t\t<\/div>\n\t\t\t\t\t<\/div>\n\t\t<\/section>\n\t\t\t\t<section class=\"elementor-section elementor-top-section elementor-element elementor-element-332f393c elementor-section-content-middle elementor-reverse-mobile elementor-section-height-min-height elementor-section-items-stretch elementor-section-boxed elementor-section-height-default\" data-id=\"332f393c\" data-element_type=\"section\" data-settings=\"{&quot;shape_divider_bottom&quot;:&quot;opacity-fan&quot;}\">\n\t\t\t\t\t<div class=\"elementor-shape elementor-shape-bottom\" aria-hidden=\"true\" data-negative=\"false\">\n\t\t\t<svg xmlns=\"http:\/\/www.w3.org\/2000\/svg\" viewBox=\"0 0 283.5 19.6\" preserveAspectRatio=\"none\">\n\t<path class=\"elementor-shape-fill\" style=\"opacity:0.33\" d=\"M0 0L0 18.8 141.8 4.1 283.5 18.8 283.5 0z\"\/>\n\t<path class=\"elementor-shape-fill\" style=\"opacity:0.33\" d=\"M0 0L0 12.6 141.8 4 283.5 12.6 283.5 0z\"\/>\n\t<path class=\"elementor-shape-fill\" style=\"opacity:0.33\" d=\"M0 0L0 6.4 141.8 4 283.5 6.4 283.5 0z\"\/>\n\t<path class=\"elementor-shape-fill\" d=\"M0 0L0 1.2 141.8 4 283.5 1.2 283.5 0z\"\/>\n<\/svg>\t\t<\/div>\n\t\t\t\t\t<div class=\"elementor-container elementor-column-gap-no\">\n\t\t\t\t\t<div class=\"elementor-column elementor-col-50 elementor-top-column elementor-element elementor-element-38be664f\" data-id=\"38be664f\" data-element_type=\"column\" data-settings=\"{&quot;background_background&quot;:&quot;classic&quot;}\">\n\t\t\t<div class=\"elementor-widget-wrap elementor-element-populated\">\n\t\t\t\t\t\t<div class=\"elementor-element elementor-element-2b16c89 elementor-widget elementor-widget-google_maps\" data-id=\"2b16c89\" data-element_type=\"widget\" data-widget_type=\"google_maps.default\">\n\t\t\t\t<div class=\"elementor-widget-container\">\n\t\t\t\t\t\t\t<div class=\"elementor-custom-embed\">\n\t\t\t<iframe loading=\"lazy\"\n\t\t\t\t\tsrc=\"https:\/\/maps.google.com\/maps?q=joval%20comercial&#038;t=m&#038;z=14&#038;output=embed&#038;iwloc=near\"\n\t\t\t\t\ttitle=\"joval comercial\"\n\t\t\t\t\taria-label=\"joval comercial\"\n\t\t\t><\/iframe>\n\t\t<\/div>\n\t\t\t\t\t\t<\/div>\n\t\t\t\t<\/div>\n\t\t\t\t\t<\/div>\n\t\t<\/div>\n\t\t\t\t<div class=\"elementor-column elementor-col-50 elementor-top-column elementor-element elementor-element-1ab0cc67\" data-id=\"1ab0cc67\" data-element_type=\"column\">\n\t\t\t<div class=\"elementor-widget-wrap elementor-element-populated\">\n\t\t\t\t\t\t<div class=\"elementor-element elementor-element-7f91f699 elementor-widget elementor-widget-text-editor\" data-id=\"7f91f699\" data-element_type=\"widget\" data-widget_type=\"text-editor.default\">\n\t\t\t\t<div class=\"elementor-widget-container\">\n\t\t\t\t\t\t\t\t\t<p><strong>Address:<\/strong> C\/ 1ra. Sector Antillano, Sto Dgo. Oeste.<\/p><p><strong>Hours:<\/strong> L-V <span style=\"color: #800000;\"><strong>8:00AM &#8211; 6:00PM<\/strong><\/span> \/\/ S <span style=\"color: #800000;\"><strong>8:00AM &#8211; 12:00PM<\/strong><\/span><\/p><p><strong>Phone:<\/strong>\u00a0<a style=\"background-color: #ffffff;\" href=\"http:\/\/call: 809-616-8686\" target=\"_blank\" rel=\"noopener\">809-616-8686<\/a><\/p><p><strong>Email:<\/strong>\u00a0<a style=\"background-color: #ffffff;\" href=\"mailto: ventas@jovalcomercial.com\" target=\"_blank\" rel=\"noopener\">ventas@jovalcomercial.com<\/a><\/p>\t\t\t\t\t\t\t\t<\/div>\n\t\t\t\t<\/div>\n\t\t\t\t\t<\/div>\n\t\t<\/div>\n\t\t\t\t\t<\/div>\n\t\t<\/section>\n\t\t\t\t<\/div>\n\t\t","protected":false},"excerpt":{"rendered":"<p>Contacto Para m\u00e1s informaci\u00f3n o cotizaci\u00f3n. Address: C\/ 1ra. Sector Antillano, Sto Dgo. Oeste. Hours: L-V 8:00AM &#8211; 6:00PM \/\/ S 8:00AM &#8211; 12:00PM Phone:\u00a0809-616-8686 Email:\u00a0ventas@jovalcomercial.com<\/p>\n","protected":false},"author":1,"featured_media":0,"parent":0,"menu_order":0,"comment_status":"closed","ping_status":"closed","template":"elementor_header_footer","meta":{"_eb_attr":"","om_disable_all_campaigns":false,"footnotes":""},"class_list":["post-8","page","type-page","status-publish","hentry"],"yoast_head":"<!-- This site is optimized with the Yoast SEO plugin v27.5 - https:\/\/yoast.com\/product\/yoast-seo-wordpress\/ -->\n<title>Contacto - Joval Comercial<\/title>\n<meta name=\"robots\" content=\"index, follow, max-snippet:-1, max-image-preview:large, max-video-preview:-1\" \/>\n<link rel=\"canonical\" href=\"https:\/\/jovalcomercial.com\/Home\/contacto\/\" \/>\n<meta property=\"og:locale\" content=\"en_US\" \/>\n<meta property=\"og:type\" content=\"article\" \/>\n<meta property=\"og:title\" content=\"Contacto - Joval Comercial\" \/>\n<meta property=\"og:description\" content=\"Contacto Para m\u00e1s informaci\u00f3n o cotizaci\u00f3n. Address: C\/ 1ra. Sector Antillano, Sto Dgo. Oeste. Hours: L-V 8:00AM &#8211; 6:00PM \/\/ S 8:00AM &#8211; 12:00PM Phone:\u00a0809-616-8686 Email:\u00a0ventas@jovalcomercial.com\" \/>\n<meta property=\"og:url\" content=\"https:\/\/jovalcomercial.com\/Home\/contacto\/\" \/>\n<meta property=\"og:site_name\" content=\"Joval Comercial\" \/>\n<meta property=\"article:modified_time\" content=\"2026-05-07T04:10:29+00:00\" \/>\n<meta name=\"twitter:card\" content=\"summary_large_image\" \/>\n<meta name=\"twitter:label1\" content=\"Est. reading time\" \/>\n\t<meta name=\"twitter:data1\" content=\"1 minute\" \/>\n<script type=\"application\/ld+json\" class=\"yoast-schema-graph\">{\"@context\":\"https:\\\/\\\/schema.org\",\"@graph\":[{\"@type\":\"WebPage\",\"@id\":\"https:\\\/\\\/jovalcomercial.com\\\/Home\\\/contacto\\\/\",\"url\":\"https:\\\/\\\/jovalcomercial.com\\\/Home\\\/contacto\\\/\",\"name\":\"Contacto - Joval Comercial\",\"isPartOf\":{\"@id\":\"https:\\\/\\\/jovalcomercial.com\\\/Home\\\/#website\"},\"datePublished\":\"2023-05-22T18:31:09+00:00\",\"dateModified\":\"2026-05-07T04:10:29+00:00\",\"breadcrumb\":{\"@id\":\"https:\\\/\\\/jovalcomercial.com\\\/Home\\\/contacto\\\/#breadcrumb\"},\"inLanguage\":\"en-US\",\"potentialAction\":[{\"@type\":\"ReadAction\",\"target\":[\"https:\\\/\\\/jovalcomercial.com\\\/Home\\\/contacto\\\/\"]}]},{\"@type\":\"BreadcrumbList\",\"@id\":\"https:\\\/\\\/jovalcomercial.com\\\/Home\\\/contacto\\\/#breadcrumb\",\"itemListElement\":[{\"@type\":\"ListItem\",\"position\":1,\"name\":\"Home\",\"item\":\"https:\\\/\\\/jovalcomercial.com\\\/Home\\\/\"},{\"@type\":\"ListItem\",\"position\":2,\"name\":\"Contacto\"}]},{\"@type\":\"WebSite\",\"@id\":\"https:\\\/\\\/jovalcomercial.com\\\/Home\\\/#website\",\"url\":\"https:\\\/\\\/jovalcomercial.com\\\/Home\\\/\",\"name\":\"Joval Comercial\",\"description\":\"Algo mas que acero\",\"publisher\":{\"@id\":\"https:\\\/\\\/jovalcomercial.com\\\/Home\\\/#organization\"},\"potentialAction\":[{\"@type\":\"SearchAction\",\"target\":{\"@type\":\"EntryPoint\",\"urlTemplate\":\"https:\\\/\\\/jovalcomercial.com\\\/Home\\\/?s={search_term_string}\"},\"query-input\":{\"@type\":\"PropertyValueSpecification\",\"valueRequired\":true,\"valueName\":\"search_term_string\"}}],\"inLanguage\":\"en-US\"},{\"@type\":\"Organization\",\"@id\":\"https:\\\/\\\/jovalcomercial.com\\\/Home\\\/#organization\",\"name\":\"Joval Comercial\",\"url\":\"https:\\\/\\\/jovalcomercial.com\\\/Home\\\/\",\"logo\":{\"@type\":\"ImageObject\",\"inLanguage\":\"en-US\",\"@id\":\"https:\\\/\\\/jovalcomercial.com\\\/Home\\\/#\\\/schema\\\/logo\\\/image\\\/\",\"url\":\"https:\\\/\\\/jovalcomercial.com\\\/Home\\\/wp-content\\\/uploads\\\/2023\\\/05\\\/Joval-Logo-04-e1684780468858.png\",\"contentUrl\":\"https:\\\/\\\/jovalcomercial.com\\\/Home\\\/wp-content\\\/uploads\\\/2023\\\/05\\\/Joval-Logo-04-e1684780468858.png\",\"width\":453,\"height\":253,\"caption\":\"Joval Comercial\"},\"image\":{\"@id\":\"https:\\\/\\\/jovalcomercial.com\\\/Home\\\/#\\\/schema\\\/logo\\\/image\\\/\"}}]}<\/script>\n<!-- \/ Yoast SEO plugin. -->","yoast_head_json":{"title":"Contacto - Joval Comercial","robots":{"index":"index","follow":"follow","max-snippet":"max-snippet:-1","max-image-preview":"max-image-preview:large","max-video-preview":"max-video-preview:-1"},"canonical":"https:\/\/jovalcomercial.com\/Home\/contacto\/","og_locale":"en_US","og_type":"article","og_title":"Contacto - Joval Comercial","og_description":"Contacto Para m\u00e1s informaci\u00f3n o cotizaci\u00f3n. Address: C\/ 1ra. Sector Antillano, Sto Dgo. Oeste. Hours: L-V 8:00AM &#8211; 6:00PM \/\/ S 8:00AM &#8211; 12:00PM Phone:\u00a0809-616-8686 Email:\u00a0ventas@jovalcomercial.com","og_url":"https:\/\/jovalcomercial.com\/Home\/contacto\/","og_site_name":"Joval Comercial","article_modified_time":"2026-05-07T04:10:29+00:00","twitter_card":"summary_large_image","twitter_misc":{"Est. reading time":"1 minute"},"schema":{"@context":"https:\/\/schema.org","@graph":[{"@type":"WebPage","@id":"https:\/\/jovalcomercial.com\/Home\/contacto\/","url":"https:\/\/jovalcomercial.com\/Home\/contacto\/","name":"Contacto - Joval Comercial","isPartOf":{"@id":"https:\/\/jovalcomercial.com\/Home\/#website"},"datePublished":"2023-05-22T18:31:09+00:00","dateModified":"2026-05-07T04:10:29+00:00","breadcrumb":{"@id":"https:\/\/jovalcomercial.com\/Home\/contacto\/#breadcrumb"},"inLanguage":"en-US","potentialAction":[{"@type":"ReadAction","target":["https:\/\/jovalcomercial.com\/Home\/contacto\/"]}]},{"@type":"BreadcrumbList","@id":"https:\/\/jovalcomercial.com\/Home\/contacto\/#breadcrumb","itemListElement":[{"@type":"ListItem","position":1,"name":"Home","item":"https:\/\/jovalcomercial.com\/Home\/"},{"@type":"ListItem","position":2,"name":"Contacto"}]},{"@type":"WebSite","@id":"https:\/\/jovalcomercial.com\/Home\/#website","url":"https:\/\/jovalcomercial.com\/Home\/","name":"Joval Comercial","description":"Algo mas que acero","publisher":{"@id":"https:\/\/jovalcomercial.com\/Home\/#organization"},"potentialAction":[{"@type":"SearchAction","target":{"@type":"EntryPoint","urlTemplate":"https:\/\/jovalcomercial.com\/Home\/?s={search_term_string}"},"query-input":{"@type":"PropertyValueSpecification","valueRequired":true,"valueName":"search_term_string"}}],"inLanguage":"en-US"},{"@type":"Organization","@id":"https:\/\/jovalcomercial.com\/Home\/#organization","name":"Joval Comercial","url":"https:\/\/jovalcomercial.com\/Home\/","logo":{"@type":"ImageObject","inLanguage":"en-US","@id":"https:\/\/jovalcomercial.com\/Home\/#\/schema\/logo\/image\/","url":"https:\/\/jovalcomercial.com\/Home\/wp-content\/uploads\/2023\/05\/Joval-Logo-04-e1684780468858.png","contentUrl":"https:\/\/jovalcomercial.com\/Home\/wp-content\/uploads\/2023\/05\/Joval-Logo-04-e1684780468858.png","width":453,"height":253,"caption":"Joval Comercial"},"image":{"@id":"https:\/\/jovalcomercial.com\/Home\/#\/schema\/logo\/image\/"}}]}},"jetpack_sharing_enabled":true,"_links":{"self":[{"href":"https:\/\/jovalcomercial.com\/Home\/wp-json\/wp\/v2\/pages\/8","targetHints":{"allow":["GET"]}}],"collection":[{"href":"https:\/\/jovalcomercial.com\/Home\/wp-json\/wp\/v2\/pages"}],"about":[{"href":"https:\/\/jovalcomercial.com\/Home\/wp-json\/wp\/v2\/types\/page"}],"author":[{"embeddable":true,"href":"https:\/\/jovalcomercial.com\/Home\/wp-json\/wp\/v2\/users\/1"}],"replies":[{"embeddable":true,"href":"https:\/\/jovalcomercial.com\/Home\/wp-json\/wp\/v2\/comments?post=8"}],"version-history":[{"count":20,"href":"https:\/\/jovalcomercial.com\/Home\/wp-json\/wp\/v2\/pages\/8\/revisions"}],"predecessor-version":[{"id":942,"href":"https:\/\/jovalcomercial.com\/Home\/wp-json\/wp\/v2\/pages\/8\/revisions\/942"}],"wp:attachment":[{"href":"https:\/\/jovalcomercial.com\/Home\/wp-json\/wp\/v2\/media?parent=8"}],"curies":[{"name":"wp","href":"https:\/\/api.w.org\/{rel}","templated":true}]}}